{"id":132,"date":"2021-09-14T15:02:32","date_gmt":"2021-09-14T13:02:32","guid":{"rendered":"https:\/\/detektivpasco.hr\/?page_id=132"},"modified":"2021-09-14T15:04:32","modified_gmt":"2021-09-14T13:04:32","slug":"kontakt","status":"publish","type":"page","link":"https:\/\/detektivpasco.hr\/en\/kontakt\/","title":{"rendered":"Contact"},"content":{"rendered":"<div data-elementor-type=\"wp-page\" data-elementor-id=\"132\" class=\"elementor elementor-132\" data-elementor-post-type=\"page\">\n\t\t\t\t\t\t<section class=\"elementor-section elementor-top-section elementor-element elementor-element-bf271eb elementor-section-boxed elementor-section-height-default elementor-section-height-default\" data-id=\"bf271eb\" data-element_type=\"section\" data-settings=\"{&quot;background_background&quot;:&quot;classic&quot;}\">\n\t\t\t\t\t\t<div class=\"elementor-container elementor-column-gap-default\">\n\t\t\t\t\t<div class=\"elementor-column elementor-col-100 elementor-top-column elementor-element elementor-element-472b0be6\" data-id=\"472b0be6\" data-element_type=\"column\">\n\t\t\t<div class=\"elementor-widget-wrap elementor-element-populated\">\n\t\t\t\t\t\t<div class=\"elementor-element elementor-element-46ccc2ca elementor-widget elementor-widget-theme-post-title elementor-page-title elementor-widget-heading\" data-id=\"46ccc2ca\" data-element_type=\"widget\" data-widget_type=\"theme-post-title.default\">\n\t\t\t\t<div class=\"elementor-widget-container\">\n\t\t\t<h1 class=\"elementor-heading-title elementor-size-default\">Contact<\/h1>\t\t<\/div>\n\t\t\t\t<\/div>\n\t\t\t\t\t<\/div>\n\t\t<\/div>\n\t\t\t\t\t<\/div>\n\t\t<\/section>\n\t\t\t\t<section class=\"elementor-section elementor-top-section elementor-element elementor-element-210b7cd9 elementor-section-boxed elementor-section-height-default elementor-section-height-default\" data-id=\"210b7cd9\" data-element_type=\"section\">\n\t\t\t\t\t\t<div class=\"elementor-container elementor-column-gap-default\">\n\t\t\t\t\t<div class=\"elementor-column elementor-col-50 elementor-top-column elementor-element elementor-element-5e164a8d\" data-id=\"5e164a8d\" data-element_type=\"column\">\n\t\t\t<div class=\"elementor-widget-wrap elementor-element-populated\">\n\t\t\t\t\t\t<div class=\"elementor-element elementor-element-9a8b535 elementor-widget elementor-widget-image\" data-id=\"9a8b535\" data-element_type=\"widget\" data-widget_type=\"image.default\">\n\t\t\t\t<div class=\"elementor-widget-container\">\n\t\t\t\t\t\t\t\t\t\t\t\t\t<img decoding=\"async\" width=\"240\" height=\"150\" src=\"https:\/\/detektivpasco.hr\/wp-content\/uploads\/2021\/09\/logo-PASCO.png\" class=\"attachment-large size-large wp-image-15\" alt=\"\" \/>\t\t\t\t\t\t\t\t\t\t\t\t\t<\/div>\n\t\t\t\t<\/div>\n\t\t\t\t<div class=\"elementor-element elementor-element-6b50f6d elementor-widget elementor-widget-text-editor\" data-id=\"6b50f6d\" data-element_type=\"widget\" data-widget_type=\"text-editor.default\">\n\t\t\t\t<div class=\"elementor-widget-container\">\n\t\t\t\t\t\t\t<p>Private detective agency Pasco<br \/>Ulica Grada Chicaga br.27<\/p><p>10 000 Zagreb,Croatia<\/p><p>OIB: 54136235490<\/p><p>mob. +385 (0)95 22 22 095<br \/>tel.\/fax +385 (0)1 6131 777<\/p><p>mail. pasco@detektivpasco.hr<br \/>detektivpasco@gmail.com<\/p>\t\t\t\t\t\t<\/div>\n\t\t\t\t<\/div>\n\t\t\t\t<div class=\"elementor-element elementor-element-364945f elementor-widget elementor-widget-google_maps\" data-id=\"364945f\" data-element_type=\"widget\" data-widget_type=\"google_maps.default\">\n\t\t\t\t<div class=\"elementor-widget-container\">\n\t\t\t\t\t<div class=\"elementor-custom-embed\">\n\t\t\t<iframe loading=\"lazy\"\n\t\t\t\t\tsrc=\"https:\/\/maps.google.com\/maps?q=ulica%20grada%20chikaga%2027%2C%20Zagreb&#038;t=m&#038;z=10&#038;output=embed&#038;iwloc=near\"\n\t\t\t\t\ttitle=\"ulica grada chikaga 27, Zagreb\"\n\t\t\t\t\taria-label=\"ulica grada chikaga 27, Zagreb\"\n\t\t\t><\/iframe>\n\t\t<\/div>\n\t\t\t\t<\/div>\n\t\t\t\t<\/div>\n\t\t\t\t\t<\/div>\n\t\t<\/div>\n\t\t\t\t<div class=\"elementor-column elementor-col-50 elementor-top-column elementor-element elementor-element-57efa8a1\" data-id=\"57efa8a1\" data-element_type=\"column\">\n\t\t\t<div class=\"elementor-widget-wrap elementor-element-populated\">\n\t\t\t\t\t\t<div class=\"elementor-element elementor-element-69cd8236 elementor-widget elementor-widget-text-editor\" data-id=\"69cd8236\" data-element_type=\"widget\" data-widget_type=\"text-editor.default\">\n\t\t\t\t<div class=\"elementor-widget-container\">\n\t\t\t\t\t\t\t<p>BUSINESS SECURITY<\/p>\t\t\t\t\t\t<\/div>\n\t\t\t\t<\/div>\n\t\t\t\t<div class=\"elementor-element elementor-element-6286159 elementor-widget-divider--view-line elementor-widget elementor-widget-divider\" data-id=\"6286159\" data-element_type=\"widget\" data-widget_type=\"divider.default\">\n\t\t\t\t<div class=\"elementor-widget-container\">\n\t\t\t\t\t<div class=\"elementor-divider\">\n\t\t\t<span class=\"elementor-divider-separator\">\n\t\t\t\t\t\t<\/span>\n\t\t<\/div>\n\t\t\t\t<\/div>\n\t\t\t\t<\/div>\n\t\t\t\t<div class=\"elementor-element elementor-element-6176f761 elementor-widget elementor-widget-text-editor\" data-id=\"6176f761\" data-element_type=\"widget\" data-widget_type=\"text-editor.default\">\n\t\t\t\t<div class=\"elementor-widget-container\">\n\t\t\t\t\t\t\t<p>We attach great importance to your business's secure business, intellectual property security, property and reputation. Information that enables you to take advantage of general prevention, change procedures, introduction of organizational, technical and software solutions that contribute to overall business security.<\/p>\t\t\t\t\t\t<\/div>\n\t\t\t\t<\/div>\n\t\t\t\t<div class=\"elementor-element elementor-element-3af31623 elementor-widget elementor-widget-text-editor\" data-id=\"3af31623\" data-element_type=\"widget\" data-widget_type=\"text-editor.default\">\n\t\t\t\t<div class=\"elementor-widget-container\">\n\t\t\t\t\t\t\t<p>SERVICES FROM THE DOMAIN OF ANALYSIS AND EXPERTISATION<\/p>\t\t\t\t\t\t<\/div>\n\t\t\t\t<\/div>\n\t\t\t\t<div class=\"elementor-element elementor-element-3c343853 elementor-widget-divider--view-line elementor-widget elementor-widget-divider\" data-id=\"3c343853\" data-element_type=\"widget\" data-widget_type=\"divider.default\">\n\t\t\t\t<div class=\"elementor-widget-container\">\n\t\t\t\t\t<div class=\"elementor-divider\">\n\t\t\t<span class=\"elementor-divider-separator\">\n\t\t\t\t\t\t<\/span>\n\t\t<\/div>\n\t\t\t\t<\/div>\n\t\t\t\t<\/div>\n\t\t\t\t<div class=\"elementor-element elementor-element-156a8425 elementor-widget elementor-widget-text-editor\" data-id=\"156a8425\" data-element_type=\"widget\" data-widget_type=\"text-editor.default\">\n\t\t\t\t<div class=\"elementor-widget-container\">\n\t\t\t\t\t\t\t<p>The Detective Agency Pasco offers services from the domain of analysis and expertise in cooperation with eminent experts from the field of Graphology, biochemical expertise, polygraphic expertise, traffic examinations.<\/p>\t\t\t\t\t\t<\/div>\n\t\t\t\t<\/div>\n\t\t\t\t<div class=\"elementor-element elementor-element-50c5795c elementor-widget elementor-widget-text-editor\" data-id=\"50c5795c\" data-element_type=\"widget\" data-widget_type=\"text-editor.default\">\n\t\t\t\t<div class=\"elementor-widget-container\">\n\t\t\t\t\t\t\t<p>USE UNMANNED AERIAL VEHICLES<\/p>\t\t\t\t\t\t<\/div>\n\t\t\t\t<\/div>\n\t\t\t\t<div class=\"elementor-element elementor-element-36bcf776 elementor-widget-divider--view-line elementor-widget elementor-widget-divider\" data-id=\"36bcf776\" data-element_type=\"widget\" data-widget_type=\"divider.default\">\n\t\t\t\t<div class=\"elementor-widget-container\">\n\t\t\t\t\t<div class=\"elementor-divider\">\n\t\t\t<span class=\"elementor-divider-separator\">\n\t\t\t\t\t\t<\/span>\n\t\t<\/div>\n\t\t\t\t<\/div>\n\t\t\t\t<\/div>\n\t\t\t\t<div class=\"elementor-element elementor-element-23d35dd9 elementor-widget elementor-widget-text-editor\" data-id=\"23d35dd9\" data-element_type=\"widget\" data-widget_type=\"text-editor.default\">\n\t\t\t\t<div class=\"elementor-widget-container\">\n\t\t\t\t\t\t\t<p>The new offering of the detective agency Pasco is the use of unmanned Dronov aircraft. Using Dron's is possible to monitor the performance of your business or residential complex. If you are on a business trip and it is of vital interest to be in the process of doing the works, photo drum video can be absolutely familiar with all the work on your site.<\/p><p>Furthermore, semi-farmers who own large land plots using the drone can only view crop germination for a few minutes. Insufficient germs, and in real-time can see what is needed for crops without spending time and visiting several hectares of land. From a height is a much better view.<\/p>\t\t\t\t\t\t<\/div>\n\t\t\t\t<\/div>\n\t\t\t\t\t<\/div>\n\t\t<\/div>\n\t\t\t\t\t<\/div>\n\t\t<\/section>\n\t\t\t\t<\/div>","protected":false},"excerpt":{"rendered":"<p>Privatna detektivska agencija PascoUlica Grada Chicaga br.27 10 000 Zagreb,Croatia OIB: 54136235490 mob. +385 (0)95 22 22 095tel.\/fax +385 (0)1 6131 777 mail. pasco@detektivpasco.hrdetektivpasco@gmail.com POSLOVNA SIGURNOST Veliku pozornost pridajemo sigurnom poslovanju va\u0161e tvrtke, sigurnosti intelektualnog vlasni\u0161tva, va\u0161oj imovini i reputaciji. Informacije koje vam omogu\u0107imo iskoristite za generalnu prevenciju, promjenu procedura, uvo\u0111enje organizacijskih, tehni\u010dkih i softverskih [&hellip;]<\/p>","protected":false},"author":1,"featured_media":0,"parent":0,"menu_order":0,"comment_status":"closed","ping_status":"closed","template":"elementor_header_footer","meta":{"ocean_post_layout":"","ocean_both_sidebars_style":"","ocean_both_sidebars_content_width":0,"ocean_both_sidebars_sidebars_width":0,"ocean_sidebar":"0","ocean_second_sidebar":"0","ocean_disable_margins":"on","ocean_add_body_class":"","ocean_shortcode_before_top_bar":"","ocean_shortcode_after_top_bar":"","ocean_shortcode_before_header":"","ocean_shortcode_after_header":"","ocean_has_shortcode":"","ocean_shortcode_after_title":"","ocean_shortcode_before_footer_widgets":"","ocean_shortcode_after_footer_widgets":"","ocean_shortcode_before_footer_bottom":"","ocean_shortcode_after_footer_bottom":"","ocean_display_top_bar":"off","ocean_display_header":"on","ocean_header_style":"","ocean_center_header_left_menu":"0","ocean_custom_header_template":"0","ocean_custom_logo":0,"ocean_custom_retina_logo":0,"ocean_custom_logo_max_width":0,"ocean_custom_logo_tablet_max_width":0,"ocean_custom_logo_mobile_max_width":0,"ocean_custom_logo_max_height":0,"ocean_custom_logo_tablet_max_height":0,"ocean_custom_logo_mobile_max_height":0,"ocean_header_custom_menu":"0","ocean_menu_typo_font_family":"0","ocean_menu_typo_font_subset":"","ocean_menu_typo_font_size":0,"ocean_menu_typo_font_size_tablet":0,"ocean_menu_typo_font_size_mobile":0,"ocean_menu_typo_font_size_unit":"px","ocean_menu_typo_font_weight":"","ocean_menu_typo_font_weight_tablet":"","ocean_menu_typo_font_weight_mobile":"","ocean_menu_typo_transform":"","ocean_menu_typo_transform_tablet":"","ocean_menu_typo_transform_mobile":"","ocean_menu_typo_line_height":0,"ocean_menu_typo_line_height_tablet":0,"ocean_menu_typo_line_height_mobile":0,"ocean_menu_typo_line_height_unit":"","ocean_menu_typo_spacing":0,"ocean_menu_typo_spacing_tablet":0,"ocean_menu_typo_spacing_mobile":0,"ocean_menu_typo_spacing_unit":"","ocean_menu_link_color":"","ocean_menu_link_color_hover":"","ocean_menu_link_color_active":"","ocean_menu_link_background":"","ocean_menu_link_hover_background":"","ocean_menu_link_active_background":"","ocean_menu_social_links_bg":"","ocean_menu_social_hover_links_bg":"","ocean_menu_social_links_color":"","ocean_menu_social_hover_links_color":"","ocean_disable_title":"on","ocean_disable_heading":"default","ocean_post_title":"","ocean_post_subheading":"","ocean_post_title_style":"","ocean_post_title_background_color":"","ocean_post_title_background":0,"ocean_post_title_bg_image_position":"","ocean_post_title_bg_image_attachment":"","ocean_post_title_bg_image_repeat":"","ocean_post_title_bg_image_size":"","ocean_post_title_height":0,"ocean_post_title_bg_overlay":0.5,"ocean_post_title_bg_overlay_color":"","ocean_disable_breadcrumbs":"off","ocean_breadcrumbs_color":"","ocean_breadcrumbs_separator_color":"","ocean_breadcrumbs_links_color":"","ocean_breadcrumbs_links_hover_color":"","ocean_display_footer_widgets":"off","ocean_display_footer_bottom":"off","ocean_custom_footer_template":"0","footnotes":""},"class_list":["post-132","page","type-page","status-publish","hentry","entry"],"yoast_head":"<!-- This site is optimized with the Yoast SEO plugin v23.9 - https:\/\/yoast.com\/wordpress\/plugins\/seo\/ -->\n<title>Kontakt - Detektivska agencija Pasco<\/title>\n<meta name=\"robots\" content=\"index, follow, max-snippet:-1, max-image-preview:large, max-video-preview:-1\" \/>\n<link rel=\"canonical\" href=\"https:\/\/detektivpasco.hr\/en\/kontakt\/\" \/>\n<meta property=\"og:locale\" content=\"en_US\" \/>\n<meta property=\"og:type\" content=\"article\" \/>\n<meta property=\"og:title\" content=\"Kontakt - Detektivska agencija Pasco\" \/>\n<meta property=\"og:description\" content=\"Privatna detektivska agencija PascoUlica Grada Chicaga br.27 10 000 Zagreb,Croatia OIB: 54136235490 mob. +385 (0)95 22 22 095tel.\/fax +385 (0)1 6131 777 mail. pasco@detektivpasco.hrdetektivpasco@gmail.com POSLOVNA SIGURNOST Veliku pozornost pridajemo sigurnom poslovanju va\u0161e tvrtke, sigurnosti intelektualnog vlasni\u0161tva, va\u0161oj imovini i reputaciji. Informacije koje vam omogu\u0107imo iskoristite za generalnu prevenciju, promjenu procedura, uvo\u0111enje organizacijskih, tehni\u010dkih i softverskih [&hellip;]\" \/>\n<meta property=\"og:url\" content=\"https:\/\/detektivpasco.hr\/en\/kontakt\/\" \/>\n<meta property=\"og:site_name\" content=\"Detektivska agencija Pasco\" \/>\n<meta property=\"article:publisher\" content=\"https:\/\/www.facebook.com\/detektivpasco1\" \/>\n<meta property=\"article:modified_time\" content=\"2021-09-14T13:04:32+00:00\" \/>\n<meta property=\"og:image\" content=\"https:\/\/detektivpasco.hr\/wp-content\/uploads\/2021\/09\/logo-PASCO.png\" \/>\n<meta name=\"twitter:card\" content=\"summary_large_image\" \/>\n<meta name=\"twitter:label1\" content=\"Est. reading time\" \/>\n\t<meta name=\"twitter:data1\" content=\"1 minute\" \/>\n<script type=\"application\/ld+json\" class=\"yoast-schema-graph\">{\"@context\":\"https:\/\/schema.org\",\"@graph\":[{\"@type\":\"WebPage\",\"@id\":\"https:\/\/detektivpasco.hr\/kontakt\/\",\"url\":\"https:\/\/detektivpasco.hr\/kontakt\/\",\"name\":\"Kontakt - Detektivska agencija Pasco\",\"isPartOf\":{\"@id\":\"https:\/\/detektivpasco.hr\/#website\"},\"primaryImageOfPage\":{\"@id\":\"https:\/\/detektivpasco.hr\/kontakt\/#primaryimage\"},\"image\":{\"@id\":\"https:\/\/detektivpasco.hr\/kontakt\/#primaryimage\"},\"thumbnailUrl\":\"https:\/\/detektivpasco.hr\/wp-content\/uploads\/2021\/09\/logo-PASCO.png\",\"datePublished\":\"2021-09-14T13:02:32+00:00\",\"dateModified\":\"2021-09-14T13:04:32+00:00\",\"breadcrumb\":{\"@id\":\"https:\/\/detektivpasco.hr\/kontakt\/#breadcrumb\"},\"inLanguage\":\"en-US\",\"potentialAction\":[{\"@type\":\"ReadAction\",\"target\":[\"https:\/\/detektivpasco.hr\/kontakt\/\"]}]},{\"@type\":\"ImageObject\",\"inLanguage\":\"en-US\",\"@id\":\"https:\/\/detektivpasco.hr\/kontakt\/#primaryimage\",\"url\":\"https:\/\/detektivpasco.hr\/wp-content\/uploads\/2021\/09\/logo-PASCO.png\",\"contentUrl\":\"https:\/\/detektivpasco.hr\/wp-content\/uploads\/2021\/09\/logo-PASCO.png\"},{\"@type\":\"BreadcrumbList\",\"@id\":\"https:\/\/detektivpasco.hr\/kontakt\/#breadcrumb\",\"itemListElement\":[{\"@type\":\"ListItem\",\"position\":1,\"name\":\"Po\u010detna stranica\",\"item\":\"https:\/\/detektivpasco.hr\/\"},{\"@type\":\"ListItem\",\"position\":2,\"name\":\"Kontakt\"}]},{\"@type\":\"WebSite\",\"@id\":\"https:\/\/detektivpasco.hr\/#website\",\"url\":\"https:\/\/detektivpasco.hr\/\",\"name\":\"Detektivska agencija Pasco\",\"description\":\"Detekiv Pasco\",\"publisher\":{\"@id\":\"https:\/\/detektivpasco.hr\/#organization\"},\"potentialAction\":[{\"@type\":\"SearchAction\",\"target\":{\"@type\":\"EntryPoint\",\"urlTemplate\":\"https:\/\/detektivpasco.hr\/?s={search_term_string}\"},\"query-input\":{\"@type\":\"PropertyValueSpecification\",\"valueRequired\":true,\"valueName\":\"search_term_string\"}}],\"inLanguage\":\"en-US\"},{\"@type\":\"Organization\",\"@id\":\"https:\/\/detektivpasco.hr\/#organization\",\"name\":\"Detektivska agencija Pasco\",\"url\":\"https:\/\/detektivpasco.hr\/\",\"logo\":{\"@type\":\"ImageObject\",\"inLanguage\":\"en-US\",\"@id\":\"https:\/\/detektivpasco.hr\/#\/schema\/logo\/image\/\",\"url\":\"https:\/\/detektivpasco.hr\/wp-content\/uploads\/2021\/09\/logo-PASCO.png\",\"contentUrl\":\"https:\/\/detektivpasco.hr\/wp-content\/uploads\/2021\/09\/logo-PASCO.png\",\"width\":240,\"height\":150,\"caption\":\"Detektivska agencija Pasco\"},\"image\":{\"@id\":\"https:\/\/detektivpasco.hr\/#\/schema\/logo\/image\/\"},\"sameAs\":[\"https:\/\/www.facebook.com\/detektivpasco1\"]}]}<\/script>\n<!-- \/ Yoast SEO plugin. -->","yoast_head_json":{"title":"Kontakt - Detektivska agencija Pasco","robots":{"index":"index","follow":"follow","max-snippet":"max-snippet:-1","max-image-preview":"max-image-preview:large","max-video-preview":"max-video-preview:-1"},"canonical":"https:\/\/detektivpasco.hr\/en\/kontakt\/","og_locale":"en_US","og_type":"article","og_title":"Kontakt - Detektivska agencija Pasco","og_description":"Privatna detektivska agencija PascoUlica Grada Chicaga br.27 10 000 Zagreb,Croatia OIB: 54136235490 mob. +385 (0)95 22 22 095tel.\/fax +385 (0)1 6131 777 mail. pasco@detektivpasco.hrdetektivpasco@gmail.com POSLOVNA SIGURNOST Veliku pozornost pridajemo sigurnom poslovanju va\u0161e tvrtke, sigurnosti intelektualnog vlasni\u0161tva, va\u0161oj imovini i reputaciji. Informacije koje vam omogu\u0107imo iskoristite za generalnu prevenciju, promjenu procedura, uvo\u0111enje organizacijskih, tehni\u010dkih i softverskih [&hellip;]","og_url":"https:\/\/detektivpasco.hr\/en\/kontakt\/","og_site_name":"Detektivska agencija Pasco","article_publisher":"https:\/\/www.facebook.com\/detektivpasco1","article_modified_time":"2021-09-14T13:04:32+00:00","og_image":[{"url":"https:\/\/detektivpasco.hr\/wp-content\/uploads\/2021\/09\/logo-PASCO.png"}],"twitter_card":"summary_large_image","twitter_misc":{"Est. reading time":"1 minute"},"schema":{"@context":"https:\/\/schema.org","@graph":[{"@type":"WebPage","@id":"https:\/\/detektivpasco.hr\/kontakt\/","url":"https:\/\/detektivpasco.hr\/kontakt\/","name":"Kontakt - Detektivska agencija Pasco","isPartOf":{"@id":"https:\/\/detektivpasco.hr\/#website"},"primaryImageOfPage":{"@id":"https:\/\/detektivpasco.hr\/kontakt\/#primaryimage"},"image":{"@id":"https:\/\/detektivpasco.hr\/kontakt\/#primaryimage"},"thumbnailUrl":"https:\/\/detektivpasco.hr\/wp-content\/uploads\/2021\/09\/logo-PASCO.png","datePublished":"2021-09-14T13:02:32+00:00","dateModified":"2021-09-14T13:04:32+00:00","breadcrumb":{"@id":"https:\/\/detektivpasco.hr\/kontakt\/#breadcrumb"},"inLanguage":"en-US","potentialAction":[{"@type":"ReadAction","target":["https:\/\/detektivpasco.hr\/kontakt\/"]}]},{"@type":"ImageObject","inLanguage":"en-US","@id":"https:\/\/detektivpasco.hr\/kontakt\/#primaryimage","url":"https:\/\/detektivpasco.hr\/wp-content\/uploads\/2021\/09\/logo-PASCO.png","contentUrl":"https:\/\/detektivpasco.hr\/wp-content\/uploads\/2021\/09\/logo-PASCO.png"},{"@type":"BreadcrumbList","@id":"https:\/\/detektivpasco.hr\/kontakt\/#breadcrumb","itemListElement":[{"@type":"ListItem","position":1,"name":"Po\u010detna stranica","item":"https:\/\/detektivpasco.hr\/"},{"@type":"ListItem","position":2,"name":"Kontakt"}]},{"@type":"WebSite","@id":"https:\/\/detektivpasco.hr\/#website","url":"https:\/\/detektivpasco.hr\/","name":"Detektivska agencija Pasco","description":"Detekiv Pasco","publisher":{"@id":"https:\/\/detektivpasco.hr\/#organization"},"potentialAction":[{"@type":"SearchAction","target":{"@type":"EntryPoint","urlTemplate":"https:\/\/detektivpasco.hr\/?s={search_term_string}"},"query-input":{"@type":"PropertyValueSpecification","valueRequired":true,"valueName":"search_term_string"}}],"inLanguage":"en-US"},{"@type":"Organization","@id":"https:\/\/detektivpasco.hr\/#organization","name":"Detektivska agencija Pasco","url":"https:\/\/detektivpasco.hr\/","logo":{"@type":"ImageObject","inLanguage":"en-US","@id":"https:\/\/detektivpasco.hr\/#\/schema\/logo\/image\/","url":"https:\/\/detektivpasco.hr\/wp-content\/uploads\/2021\/09\/logo-PASCO.png","contentUrl":"https:\/\/detektivpasco.hr\/wp-content\/uploads\/2021\/09\/logo-PASCO.png","width":240,"height":150,"caption":"Detektivska agencija Pasco"},"image":{"@id":"https:\/\/detektivpasco.hr\/#\/schema\/logo\/image\/"},"sameAs":["https:\/\/www.facebook.com\/detektivpasco1"]}]}},"_links":{"self":[{"href":"https:\/\/detektivpasco.hr\/en\/wp-json\/wp\/v2\/pages\/132","targetHints":{"allow":["GET"]}}],"collection":[{"href":"https:\/\/detektivpasco.hr\/en\/wp-json\/wp\/v2\/pages"}],"about":[{"href":"https:\/\/detektivpasco.hr\/en\/wp-json\/wp\/v2\/types\/page"}],"author":[{"embeddable":true,"href":"https:\/\/detektivpasco.hr\/en\/wp-json\/wp\/v2\/users\/1"}],"replies":[{"embeddable":true,"href":"https:\/\/detektivpasco.hr\/en\/wp-json\/wp\/v2\/comments?post=132"}],"version-history":[{"count":4,"href":"https:\/\/detektivpasco.hr\/en\/wp-json\/wp\/v2\/pages\/132\/revisions"}],"predecessor-version":[{"id":136,"href":"https:\/\/detektivpasco.hr\/en\/wp-json\/wp\/v2\/pages\/132\/revisions\/136"}],"wp:attachment":[{"href":"https:\/\/detektivpasco.hr\/en\/wp-json\/wp\/v2\/media?parent=132"}],"curies":[{"name":"wp","href":"https:\/\/api.w.org\/{rel}","templated":true}]}}