{"id":62,"date":"2021-09-14T14:40:57","date_gmt":"2021-09-14T12:40:57","guid":{"rendered":"https:\/\/detektivpasco.hr\/?page_id=62"},"modified":"2021-09-14T21:27:11","modified_gmt":"2021-09-14T19:27:11","slug":"usluge","status":"publish","type":"page","link":"https:\/\/detektivpasco.hr\/en\/usluge\/","title":{"rendered":"Service"},"content":{"rendered":"<div data-elementor-type=\"wp-page\" data-elementor-id=\"62\" class=\"elementor elementor-62\" data-elementor-post-type=\"page\">\n\t\t\t\t\t\t<section class=\"elementor-section elementor-top-section elementor-element elementor-element-bf271eb elementor-section-boxed elementor-section-height-default elementor-section-height-default\" data-id=\"bf271eb\" data-element_type=\"section\" data-settings=\"{&quot;background_background&quot;:&quot;classic&quot;}\">\n\t\t\t\t\t\t<div class=\"elementor-container elementor-column-gap-default\">\n\t\t\t\t\t<div class=\"elementor-column elementor-col-100 elementor-top-column elementor-element elementor-element-472b0be6\" data-id=\"472b0be6\" data-element_type=\"column\">\n\t\t\t<div class=\"elementor-widget-wrap elementor-element-populated\">\n\t\t\t\t\t\t<div class=\"elementor-element elementor-element-46ccc2ca elementor-widget elementor-widget-theme-post-title elementor-page-title elementor-widget-heading\" data-id=\"46ccc2ca\" data-element_type=\"widget\" data-widget_type=\"theme-post-title.default\">\n\t\t\t\t<div class=\"elementor-widget-container\">\n\t\t\t<h1 class=\"elementor-heading-title elementor-size-default\">Service<\/h1>\t\t<\/div>\n\t\t\t\t<\/div>\n\t\t\t\t\t<\/div>\n\t\t<\/div>\n\t\t\t\t\t<\/div>\n\t\t<\/section>\n\t\t\t\t<section class=\"elementor-section elementor-top-section elementor-element elementor-element-210b7cd9 elementor-section-boxed elementor-section-height-default elementor-section-height-default\" data-id=\"210b7cd9\" data-element_type=\"section\">\n\t\t\t\t\t\t<div class=\"elementor-container elementor-column-gap-default\">\n\t\t\t\t\t<div class=\"elementor-column elementor-col-50 elementor-top-column elementor-element elementor-element-5e164a8d\" data-id=\"5e164a8d\" data-element_type=\"column\">\n\t\t\t<div class=\"elementor-widget-wrap elementor-element-populated\">\n\t\t\t\t\t\t<div class=\"elementor-element elementor-element-6b50f6d elementor-widget elementor-widget-text-editor\" data-id=\"6b50f6d\" data-element_type=\"widget\" data-widget_type=\"text-editor.default\">\n\t\t\t\t<div class=\"elementor-widget-container\">\n\t\t\t\t\t\t\t<p><strong>The Detective Agency specializes in solving the following cases:<\/strong><\/p><p><br \/>Property law relations \u2013 all forms, enforcement proceedings, etc.<\/p><p>Abuse of property, especially industrial and intellectual property, etc.<\/p><p>Scams \u2013 in all forms, especially in the economy, civil fraud, detection of perpetrators<\/p><p>Marital and post-conflict disputes, and protection of juvenile rights in custody cases<\/p><p>Abuse of insurance and causing a traffic accident \u2013 insurance fraud<\/p><p>Searching for missing persons and objects<\/p><p>Search for people who have left the place of residence<\/p><p>Verification of the creditworthiness of natural and legal persons \u2013 the success and business of natural and legal persons<\/p><p>Injury of work obligations, work discipline<\/p><p>Detective Advice \u2013 a form of providing expert assistance, consisting of intellectual support, or professional guidance of parties in solving specific situations.<\/p>\t\t\t\t\t\t<\/div>\n\t\t\t\t<\/div>\n\t\t\t\t<section class=\"elementor-section elementor-inner-section elementor-element elementor-element-86f02c3 elementor-section-boxed elementor-section-height-default elementor-section-height-default\" data-id=\"86f02c3\" data-element_type=\"section\">\n\t\t\t\t\t\t<div class=\"elementor-container elementor-column-gap-default\">\n\t\t\t\t\t<div class=\"elementor-column elementor-col-33 elementor-inner-column elementor-element elementor-element-1cb877b\" data-id=\"1cb877b\" data-element_type=\"column\">\n\t\t\t<div class=\"elementor-widget-wrap elementor-element-populated\">\n\t\t\t\t\t\t<div class=\"elementor-element elementor-element-b26f4e5 elementor-widget elementor-widget-image\" data-id=\"b26f4e5\" data-element_type=\"widget\" data-widget_type=\"image.default\">\n\t\t\t\t<div class=\"elementor-widget-container\">\n\t\t\t\t\t\t\t\t\t\t\t\t\t<img fetchpriority=\"high\" decoding=\"async\" width=\"315\" height=\"160\" src=\"https:\/\/detektivpasco.hr\/wp-content\/uploads\/2021\/09\/sec11.jpg\" class=\"attachment-large size-large wp-image-70\" alt=\"\" \/>\t\t\t\t\t\t\t\t\t\t\t\t\t<\/div>\n\t\t\t\t<\/div>\n\t\t\t\t\t<\/div>\n\t\t<\/div>\n\t\t\t\t<div class=\"elementor-column elementor-col-33 elementor-inner-column elementor-element elementor-element-0c44312\" data-id=\"0c44312\" data-element_type=\"column\">\n\t\t\t<div class=\"elementor-widget-wrap elementor-element-populated\">\n\t\t\t\t\t\t<div class=\"elementor-element elementor-element-686205c elementor-widget elementor-widget-image\" data-id=\"686205c\" data-element_type=\"widget\" data-widget_type=\"image.default\">\n\t\t\t\t<div class=\"elementor-widget-container\">\n\t\t\t\t\t\t\t\t\t\t\t\t\t<img decoding=\"async\" width=\"310\" height=\"163\" src=\"https:\/\/detektivpasco.hr\/wp-content\/uploads\/2021\/09\/sec10.jpg\" class=\"attachment-large size-large wp-image-69\" alt=\"\" \/>\t\t\t\t\t\t\t\t\t\t\t\t\t<\/div>\n\t\t\t\t<\/div>\n\t\t\t\t\t<\/div>\n\t\t<\/div>\n\t\t\t\t<div class=\"elementor-column elementor-col-33 elementor-inner-column elementor-element elementor-element-d8be9b2\" data-id=\"d8be9b2\" data-element_type=\"column\">\n\t\t\t<div class=\"elementor-widget-wrap elementor-element-populated\">\n\t\t\t\t\t\t<div class=\"elementor-element elementor-element-74fd35d elementor-widget elementor-widget-image\" data-id=\"74fd35d\" data-element_type=\"widget\" data-widget_type=\"image.default\">\n\t\t\t\t<div class=\"elementor-widget-container\">\n\t\t\t\t\t\t\t\t\t\t\t\t\t<img decoding=\"async\" width=\"283\" height=\"178\" src=\"https:\/\/detektivpasco.hr\/wp-content\/uploads\/2021\/09\/sec9.jpg\" class=\"attachment-large size-large wp-image-68\" alt=\"\" \/>\t\t\t\t\t\t\t\t\t\t\t\t\t<\/div>\n\t\t\t\t<\/div>\n\t\t\t\t\t<\/div>\n\t\t<\/div>\n\t\t\t\t\t<\/div>\n\t\t<\/section>\n\t\t\t\t<div class=\"elementor-element elementor-element-89af7b3 elementor-widget elementor-widget-text-editor\" data-id=\"89af7b3\" data-element_type=\"widget\" data-widget_type=\"text-editor.default\">\n\t\t\t\t<div class=\"elementor-widget-container\">\n\t\t\t\t\t\t\t<p>PRICE LIST OF DETECTIVE SERVICES<\/p>\t\t\t\t\t\t<\/div>\n\t\t\t\t<\/div>\n\t\t\t\t<div class=\"elementor-element elementor-element-cf2be1d elementor-widget elementor-widget-text-editor\" data-id=\"cf2be1d\" data-element_type=\"widget\" data-widget_type=\"text-editor.default\">\n\t\t\t\t<div class=\"elementor-widget-container\">\n\t\t\t\t\t\t\t<p><br \/>The price of detective work on the field is 250 kn \/ hour.<\/p><p>The cost of using the vehicle is 2,00 kn \/ km.<\/p><p>The total price of detective field work depends on the client and his estimate, which is the critical time a private detective must spend on the field.<\/p><p>In addition to the mentioned cost, any expenses incurred: tolls, accommodation, bill of lading, other taxes \u2026<\/p><p>Prices for investigation and verification of this counter-insight of the premises are determined after the assessment and case analysis.<\/p><p>Estimates and case studies are based on information provided by a client to a private detective.<\/p><p>If a private detective determines that there is a legal interest and that there are opportunities to determine new circumstances and facts, he will provide the client with a specification of the service. If the client accepts the terms of the offer, the signing of the contract and the power of attorney follows, and then the private detective begins with the contracted work.<\/p><p>The above prices for detective services are not included in VAT.<\/p>\t\t\t\t\t\t<\/div>\n\t\t\t\t<\/div>\n\t\t\t\t\t<\/div>\n\t\t<\/div>\n\t\t\t\t<div class=\"elementor-column elementor-col-50 elementor-top-column elementor-element elementor-element-57efa8a1\" data-id=\"57efa8a1\" data-element_type=\"column\">\n\t\t\t<div class=\"elementor-widget-wrap elementor-element-populated\">\n\t\t\t\t\t\t<div class=\"elementor-element elementor-element-69cd8236 elementor-widget elementor-widget-text-editor\" data-id=\"69cd8236\" data-element_type=\"widget\" data-widget_type=\"text-editor.default\">\n\t\t\t\t<div class=\"elementor-widget-container\">\n\t\t\t\t\t\t\t<p>BUSINESS SECURITY<\/p>\t\t\t\t\t\t<\/div>\n\t\t\t\t<\/div>\n\t\t\t\t<div class=\"elementor-element elementor-element-6286159 elementor-widget-divider--view-line elementor-widget elementor-widget-divider\" data-id=\"6286159\" data-element_type=\"widget\" data-widget_type=\"divider.default\">\n\t\t\t\t<div class=\"elementor-widget-container\">\n\t\t\t\t\t<div class=\"elementor-divider\">\n\t\t\t<span class=\"elementor-divider-separator\">\n\t\t\t\t\t\t<\/span>\n\t\t<\/div>\n\t\t\t\t<\/div>\n\t\t\t\t<\/div>\n\t\t\t\t<div class=\"elementor-element elementor-element-6176f761 elementor-widget elementor-widget-text-editor\" data-id=\"6176f761\" data-element_type=\"widget\" data-widget_type=\"text-editor.default\">\n\t\t\t\t<div class=\"elementor-widget-container\">\n\t\t\t\t\t\t\t<p>We attach great importance to your business's secure business, intellectual property security, property and reputation. Information that enables you to take advantage of general prevention, change procedures, introduction of organizational, technical and software solutions that contribute to overall business security.<\/p>\t\t\t\t\t\t<\/div>\n\t\t\t\t<\/div>\n\t\t\t\t<div class=\"elementor-element elementor-element-3af31623 elementor-widget elementor-widget-text-editor\" data-id=\"3af31623\" data-element_type=\"widget\" data-widget_type=\"text-editor.default\">\n\t\t\t\t<div class=\"elementor-widget-container\">\n\t\t\t\t\t\t\t<p>SERVICES FROM THE DOMAIN OF ANALYSIS AND EXPERTISATION<\/p>\t\t\t\t\t\t<\/div>\n\t\t\t\t<\/div>\n\t\t\t\t<div class=\"elementor-element elementor-element-3c343853 elementor-widget-divider--view-line elementor-widget elementor-widget-divider\" data-id=\"3c343853\" data-element_type=\"widget\" data-widget_type=\"divider.default\">\n\t\t\t\t<div class=\"elementor-widget-container\">\n\t\t\t\t\t<div class=\"elementor-divider\">\n\t\t\t<span class=\"elementor-divider-separator\">\n\t\t\t\t\t\t<\/span>\n\t\t<\/div>\n\t\t\t\t<\/div>\n\t\t\t\t<\/div>\n\t\t\t\t<div class=\"elementor-element elementor-element-156a8425 elementor-widget elementor-widget-text-editor\" data-id=\"156a8425\" data-element_type=\"widget\" data-widget_type=\"text-editor.default\">\n\t\t\t\t<div class=\"elementor-widget-container\">\n\t\t\t\t\t\t\t<p>The Detective Agency Pasco offers services from the domain of analysis and expertise in cooperation with eminent experts from the field of Graphology, biochemical expertise, polygraphic expertise, traffic examinations.<\/p>\t\t\t\t\t\t<\/div>\n\t\t\t\t<\/div>\n\t\t\t\t<div class=\"elementor-element elementor-element-50c5795c elementor-widget elementor-widget-text-editor\" data-id=\"50c5795c\" data-element_type=\"widget\" data-widget_type=\"text-editor.default\">\n\t\t\t\t<div class=\"elementor-widget-container\">\n\t\t\t\t\t\t\t<p>USE UNMANNED AERIAL VEHICLES<\/p>\t\t\t\t\t\t<\/div>\n\t\t\t\t<\/div>\n\t\t\t\t<div class=\"elementor-element elementor-element-36bcf776 elementor-widget-divider--view-line elementor-widget elementor-widget-divider\" data-id=\"36bcf776\" data-element_type=\"widget\" data-widget_type=\"divider.default\">\n\t\t\t\t<div class=\"elementor-widget-container\">\n\t\t\t\t\t<div class=\"elementor-divider\">\n\t\t\t<span class=\"elementor-divider-separator\">\n\t\t\t\t\t\t<\/span>\n\t\t<\/div>\n\t\t\t\t<\/div>\n\t\t\t\t<\/div>\n\t\t\t\t<div class=\"elementor-element elementor-element-23d35dd9 elementor-widget elementor-widget-text-editor\" data-id=\"23d35dd9\" data-element_type=\"widget\" data-widget_type=\"text-editor.default\">\n\t\t\t\t<div class=\"elementor-widget-container\">\n\t\t\t\t\t\t\t<p>The new offering of the detective agency Pasco is the use of unmanned Dronov aircraft. Using Dron's is possible to monitor the performance of your business or residential complex. If you are on a business trip and it is of vital interest to be in the process of doing the works, photo drum video can be absolutely familiar with all the work on your site.<\/p><p>Furthermore, semi-farmers who own large land plots using the drone can only view crop germination for a few minutes. Insufficient germs, and in real-time can see what is needed for crops without spending time and visiting several hectares of land. From a height is a much better view.<\/p>\t\t\t\t\t\t<\/div>\n\t\t\t\t<\/div>\n\t\t\t\t\t<\/div>\n\t\t<\/div>\n\t\t\t\t\t<\/div>\n\t\t<\/section>\n\t\t\t\t<\/div>","protected":false},"excerpt":{"rendered":"<p>Detektivska agencija posebno je specijalizirana za rje\u0161avanje slijede\u0107ih slu\u010dajeva: * Imovinskopravni odnosi \u2013 svi oblici, ovr\u0161ni postupci i dr. * Zlouporabe vlasni\u0161tva, posebno industrijskog i intelektualnog vlasni\u0161tva i dr. * Prijevare \u2013 u svim oblicima, posebno u gospodarstvu, gra\u0111anske prijevare, otkrivanje po\u010dinitelja * Bra\u010dni i postbra\u010dni sporovi, te za\u0161tita prava maloljetnika u slu\u010dajevima skrbni\u0161tva * [&hellip;]<\/p>","protected":false},"author":1,"featured_media":0,"parent":0,"menu_order":0,"comment_status":"closed","ping_status":"closed","template":"elementor_header_footer","meta":{"ocean_post_layout":"","ocean_both_sidebars_style":"","ocean_both_sidebars_content_width":0,"ocean_both_sidebars_sidebars_width":0,"ocean_sidebar":"0","ocean_second_sidebar":"0","ocean_disable_margins":"on","ocean_add_body_class":"","ocean_shortcode_before_top_bar":"","ocean_shortcode_after_top_bar":"","ocean_shortcode_before_header":"","ocean_shortcode_after_header":"","ocean_has_shortcode":"","ocean_shortcode_after_title":"","ocean_shortcode_before_footer_widgets":"","ocean_shortcode_after_footer_widgets":"","ocean_shortcode_before_footer_bottom":"","ocean_shortcode_after_footer_bottom":"","ocean_display_top_bar":"off","ocean_display_header":"on","ocean_header_style":"","ocean_center_header_left_menu":"0","ocean_custom_header_template":"0","ocean_custom_logo":0,"ocean_custom_retina_logo":0,"ocean_custom_logo_max_width":0,"ocean_custom_logo_tablet_max_width":0,"ocean_custom_logo_mobile_max_width":0,"ocean_custom_logo_max_height":0,"ocean_custom_logo_tablet_max_height":0,"ocean_custom_logo_mobile_max_height":0,"ocean_header_custom_menu":"0","ocean_menu_typo_font_family":"0","ocean_menu_typo_font_subset":"","ocean_menu_typo_font_size":0,"ocean_menu_typo_font_size_tablet":0,"ocean_menu_typo_font_size_mobile":0,"ocean_menu_typo_font_size_unit":"px","ocean_menu_typo_font_weight":"","ocean_menu_typo_font_weight_tablet":"","ocean_menu_typo_font_weight_mobile":"","ocean_menu_typo_transform":"","ocean_menu_typo_transform_tablet":"","ocean_menu_typo_transform_mobile":"","ocean_menu_typo_line_height":0,"ocean_menu_typo_line_height_tablet":0,"ocean_menu_typo_line_height_mobile":0,"ocean_menu_typo_line_height_unit":"","ocean_menu_typo_spacing":0,"ocean_menu_typo_spacing_tablet":0,"ocean_menu_typo_spacing_mobile":0,"ocean_menu_typo_spacing_unit":"","ocean_menu_link_color":"","ocean_menu_link_color_hover":"","ocean_menu_link_color_active":"","ocean_menu_link_background":"","ocean_menu_link_hover_background":"","ocean_menu_link_active_background":"","ocean_menu_social_links_bg":"","ocean_menu_social_hover_links_bg":"","ocean_menu_social_links_color":"","ocean_menu_social_hover_links_color":"","ocean_disable_title":"on","ocean_disable_heading":"default","ocean_post_title":"","ocean_post_subheading":"","ocean_post_title_style":"","ocean_post_title_background_color":"","ocean_post_title_background":0,"ocean_post_title_bg_image_position":"","ocean_post_title_bg_image_attachment":"","ocean_post_title_bg_image_repeat":"","ocean_post_title_bg_image_size":"","ocean_post_title_height":0,"ocean_post_title_bg_overlay":0.5,"ocean_post_title_bg_overlay_color":"","ocean_disable_breadcrumbs":"off","ocean_breadcrumbs_color":"","ocean_breadcrumbs_separator_color":"","ocean_breadcrumbs_links_color":"","ocean_breadcrumbs_links_hover_color":"","ocean_display_footer_widgets":"off","ocean_display_footer_bottom":"off","ocean_custom_footer_template":"0","footnotes":""},"class_list":["post-62","page","type-page","status-publish","hentry","entry"],"yoast_head":"<!-- This site is optimized with the Yoast SEO plugin v23.9 - https:\/\/yoast.com\/wordpress\/plugins\/seo\/ -->\n<title>Usluge - Detektivska agencija Pasco<\/title>\n<meta name=\"robots\" content=\"index, follow, max-snippet:-1, max-image-preview:large, max-video-preview:-1\" \/>\n<link rel=\"canonical\" href=\"https:\/\/detektivpasco.hr\/en\/usluge\/\" \/>\n<meta property=\"og:locale\" content=\"en_US\" \/>\n<meta property=\"og:type\" content=\"article\" \/>\n<meta property=\"og:title\" content=\"Usluge - Detektivska agencija Pasco\" \/>\n<meta property=\"og:description\" content=\"Detektivska agencija posebno je specijalizirana za rje\u0161avanje slijede\u0107ih slu\u010dajeva: * Imovinskopravni odnosi \u2013 svi oblici, ovr\u0161ni postupci i dr. * Zlouporabe vlasni\u0161tva, posebno industrijskog i intelektualnog vlasni\u0161tva i dr. * Prijevare \u2013 u svim oblicima, posebno u gospodarstvu, gra\u0111anske prijevare, otkrivanje po\u010dinitelja * Bra\u010dni i postbra\u010dni sporovi, te za\u0161tita prava maloljetnika u slu\u010dajevima skrbni\u0161tva * [&hellip;]\" \/>\n<meta property=\"og:url\" content=\"https:\/\/detektivpasco.hr\/en\/usluge\/\" \/>\n<meta property=\"og:site_name\" content=\"Detektivska agencija Pasco\" \/>\n<meta property=\"article:publisher\" content=\"https:\/\/www.facebook.com\/detektivpasco1\" \/>\n<meta property=\"article:modified_time\" content=\"2021-09-14T19:27:11+00:00\" \/>\n<meta property=\"og:image\" content=\"https:\/\/detektivpasco.hr\/wp-content\/uploads\/2021\/09\/sec11.jpg\" \/>\n<meta name=\"twitter:card\" content=\"summary_large_image\" \/>\n<meta name=\"twitter:label1\" content=\"Est. reading time\" \/>\n\t<meta name=\"twitter:data1\" content=\"2 minutes\" \/>\n<script type=\"application\/ld+json\" class=\"yoast-schema-graph\">{\"@context\":\"https:\/\/schema.org\",\"@graph\":[{\"@type\":\"WebPage\",\"@id\":\"https:\/\/detektivpasco.hr\/usluge\/\",\"url\":\"https:\/\/detektivpasco.hr\/usluge\/\",\"name\":\"Usluge - Detektivska agencija Pasco\",\"isPartOf\":{\"@id\":\"https:\/\/detektivpasco.hr\/#website\"},\"primaryImageOfPage\":{\"@id\":\"https:\/\/detektivpasco.hr\/usluge\/#primaryimage\"},\"image\":{\"@id\":\"https:\/\/detektivpasco.hr\/usluge\/#primaryimage\"},\"thumbnailUrl\":\"https:\/\/detektivpasco.hr\/wp-content\/uploads\/2021\/09\/sec11.jpg\",\"datePublished\":\"2021-09-14T12:40:57+00:00\",\"dateModified\":\"2021-09-14T19:27:11+00:00\",\"breadcrumb\":{\"@id\":\"https:\/\/detektivpasco.hr\/usluge\/#breadcrumb\"},\"inLanguage\":\"en-US\",\"potentialAction\":[{\"@type\":\"ReadAction\",\"target\":[\"https:\/\/detektivpasco.hr\/usluge\/\"]}]},{\"@type\":\"ImageObject\",\"inLanguage\":\"en-US\",\"@id\":\"https:\/\/detektivpasco.hr\/usluge\/#primaryimage\",\"url\":\"https:\/\/detektivpasco.hr\/wp-content\/uploads\/2021\/09\/sec11.jpg\",\"contentUrl\":\"https:\/\/detektivpasco.hr\/wp-content\/uploads\/2021\/09\/sec11.jpg\"},{\"@type\":\"BreadcrumbList\",\"@id\":\"https:\/\/detektivpasco.hr\/usluge\/#breadcrumb\",\"itemListElement\":[{\"@type\":\"ListItem\",\"position\":1,\"name\":\"Po\u010detna stranica\",\"item\":\"https:\/\/detektivpasco.hr\/\"},{\"@type\":\"ListItem\",\"position\":2,\"name\":\"Usluge\"}]},{\"@type\":\"WebSite\",\"@id\":\"https:\/\/detektivpasco.hr\/#website\",\"url\":\"https:\/\/detektivpasco.hr\/\",\"name\":\"Detektivska agencija Pasco\",\"description\":\"Detekiv Pasco\",\"publisher\":{\"@id\":\"https:\/\/detektivpasco.hr\/#organization\"},\"potentialAction\":[{\"@type\":\"SearchAction\",\"target\":{\"@type\":\"EntryPoint\",\"urlTemplate\":\"https:\/\/detektivpasco.hr\/?s={search_term_string}\"},\"query-input\":{\"@type\":\"PropertyValueSpecification\",\"valueRequired\":true,\"valueName\":\"search_term_string\"}}],\"inLanguage\":\"en-US\"},{\"@type\":\"Organization\",\"@id\":\"https:\/\/detektivpasco.hr\/#organization\",\"name\":\"Detektivska agencija Pasco\",\"url\":\"https:\/\/detektivpasco.hr\/\",\"logo\":{\"@type\":\"ImageObject\",\"inLanguage\":\"en-US\",\"@id\":\"https:\/\/detektivpasco.hr\/#\/schema\/logo\/image\/\",\"url\":\"https:\/\/detektivpasco.hr\/wp-content\/uploads\/2021\/09\/logo-PASCO.png\",\"contentUrl\":\"https:\/\/detektivpasco.hr\/wp-content\/uploads\/2021\/09\/logo-PASCO.png\",\"width\":240,\"height\":150,\"caption\":\"Detektivska agencija Pasco\"},\"image\":{\"@id\":\"https:\/\/detektivpasco.hr\/#\/schema\/logo\/image\/\"},\"sameAs\":[\"https:\/\/www.facebook.com\/detektivpasco1\"]}]}<\/script>\n<!-- \/ Yoast SEO plugin. -->","yoast_head_json":{"title":"Usluge - Detektivska agencija Pasco","robots":{"index":"index","follow":"follow","max-snippet":"max-snippet:-1","max-image-preview":"max-image-preview:large","max-video-preview":"max-video-preview:-1"},"canonical":"https:\/\/detektivpasco.hr\/en\/usluge\/","og_locale":"en_US","og_type":"article","og_title":"Usluge - Detektivska agencija Pasco","og_description":"Detektivska agencija posebno je specijalizirana za rje\u0161avanje slijede\u0107ih slu\u010dajeva: * Imovinskopravni odnosi \u2013 svi oblici, ovr\u0161ni postupci i dr. * Zlouporabe vlasni\u0161tva, posebno industrijskog i intelektualnog vlasni\u0161tva i dr. * Prijevare \u2013 u svim oblicima, posebno u gospodarstvu, gra\u0111anske prijevare, otkrivanje po\u010dinitelja * Bra\u010dni i postbra\u010dni sporovi, te za\u0161tita prava maloljetnika u slu\u010dajevima skrbni\u0161tva * [&hellip;]","og_url":"https:\/\/detektivpasco.hr\/en\/usluge\/","og_site_name":"Detektivska agencija Pasco","article_publisher":"https:\/\/www.facebook.com\/detektivpasco1","article_modified_time":"2021-09-14T19:27:11+00:00","og_image":[{"url":"https:\/\/detektivpasco.hr\/wp-content\/uploads\/2021\/09\/sec11.jpg"}],"twitter_card":"summary_large_image","twitter_misc":{"Est. reading time":"2 minutes"},"schema":{"@context":"https:\/\/schema.org","@graph":[{"@type":"WebPage","@id":"https:\/\/detektivpasco.hr\/usluge\/","url":"https:\/\/detektivpasco.hr\/usluge\/","name":"Usluge - Detektivska agencija Pasco","isPartOf":{"@id":"https:\/\/detektivpasco.hr\/#website"},"primaryImageOfPage":{"@id":"https:\/\/detektivpasco.hr\/usluge\/#primaryimage"},"image":{"@id":"https:\/\/detektivpasco.hr\/usluge\/#primaryimage"},"thumbnailUrl":"https:\/\/detektivpasco.hr\/wp-content\/uploads\/2021\/09\/sec11.jpg","datePublished":"2021-09-14T12:40:57+00:00","dateModified":"2021-09-14T19:27:11+00:00","breadcrumb":{"@id":"https:\/\/detektivpasco.hr\/usluge\/#breadcrumb"},"inLanguage":"en-US","potentialAction":[{"@type":"ReadAction","target":["https:\/\/detektivpasco.hr\/usluge\/"]}]},{"@type":"ImageObject","inLanguage":"en-US","@id":"https:\/\/detektivpasco.hr\/usluge\/#primaryimage","url":"https:\/\/detektivpasco.hr\/wp-content\/uploads\/2021\/09\/sec11.jpg","contentUrl":"https:\/\/detektivpasco.hr\/wp-content\/uploads\/2021\/09\/sec11.jpg"},{"@type":"BreadcrumbList","@id":"https:\/\/detektivpasco.hr\/usluge\/#breadcrumb","itemListElement":[{"@type":"ListItem","position":1,"name":"Po\u010detna stranica","item":"https:\/\/detektivpasco.hr\/"},{"@type":"ListItem","position":2,"name":"Usluge"}]},{"@type":"WebSite","@id":"https:\/\/detektivpasco.hr\/#website","url":"https:\/\/detektivpasco.hr\/","name":"Detektivska agencija Pasco","description":"Detekiv Pasco","publisher":{"@id":"https:\/\/detektivpasco.hr\/#organization"},"potentialAction":[{"@type":"SearchAction","target":{"@type":"EntryPoint","urlTemplate":"https:\/\/detektivpasco.hr\/?s={search_term_string}"},"query-input":{"@type":"PropertyValueSpecification","valueRequired":true,"valueName":"search_term_string"}}],"inLanguage":"en-US"},{"@type":"Organization","@id":"https:\/\/detektivpasco.hr\/#organization","name":"Detektivska agencija Pasco","url":"https:\/\/detektivpasco.hr\/","logo":{"@type":"ImageObject","inLanguage":"en-US","@id":"https:\/\/detektivpasco.hr\/#\/schema\/logo\/image\/","url":"https:\/\/detektivpasco.hr\/wp-content\/uploads\/2021\/09\/logo-PASCO.png","contentUrl":"https:\/\/detektivpasco.hr\/wp-content\/uploads\/2021\/09\/logo-PASCO.png","width":240,"height":150,"caption":"Detektivska agencija Pasco"},"image":{"@id":"https:\/\/detektivpasco.hr\/#\/schema\/logo\/image\/"},"sameAs":["https:\/\/www.facebook.com\/detektivpasco1"]}]}},"_links":{"self":[{"href":"https:\/\/detektivpasco.hr\/en\/wp-json\/wp\/v2\/pages\/62","targetHints":{"allow":["GET"]}}],"collection":[{"href":"https:\/\/detektivpasco.hr\/en\/wp-json\/wp\/v2\/pages"}],"about":[{"href":"https:\/\/detektivpasco.hr\/en\/wp-json\/wp\/v2\/types\/page"}],"author":[{"embeddable":true,"href":"https:\/\/detektivpasco.hr\/en\/wp-json\/wp\/v2\/users\/1"}],"replies":[{"embeddable":true,"href":"https:\/\/detektivpasco.hr\/en\/wp-json\/wp\/v2\/comments?post=62"}],"version-history":[{"count":18,"href":"https:\/\/detektivpasco.hr\/en\/wp-json\/wp\/v2\/pages\/62\/revisions"}],"predecessor-version":[{"id":161,"href":"https:\/\/detektivpasco.hr\/en\/wp-json\/wp\/v2\/pages\/62\/revisions\/161"}],"wp:attachment":[{"href":"https:\/\/detektivpasco.hr\/en\/wp-json\/wp\/v2\/media?parent=62"}],"curies":[{"name":"wp","href":"https:\/\/api.w.org\/{rel}","templated":true}]}}